{"id":16,"date":"2021-01-06T17:20:45","date_gmt":"2021-01-06T15:20:45","guid":{"rendered":"http:\/\/forssankeilahalli.fi\/Jape\/?page_id=16"},"modified":"2021-01-10T15:22:04","modified_gmt":"2021-01-10T13:22:04","slug":"keilailu","status":"publish","type":"page","link":"https:\/\/forssankeilahalli.fi\/Jape\/keilailu\/","title":{"rendered":"Keilailu"},"content":{"rendered":"\t\t<div data-elementor-type=\"wp-page\" data-elementor-id=\"16\" class=\"elementor elementor-16\" data-elementor-settings=\"[]\">\n\t\t\t\t\t\t<div class=\"elementor-inner\">\n\t\t\t\t\t\t\t<div class=\"elementor-section-wrap\">\n\t\t\t\t\t\t\t<section class=\"elementor-section elementor-top-section elementor-element elementor-element-5831ca5 elementor-section-height-min-height elementor-section-boxed elementor-section-height-default elementor-section-items-middle\" data-id=\"5831ca5\" data-element_type=\"section\" data-settings=\"{&quot;background_background&quot;:&quot;classic&quot;}\">\n\t\t\t\t\t\t\t<div class=\"elementor-background-overlay\"><\/div>\n\t\t\t\t\t\t\t<div class=\"elementor-container elementor-column-gap-default\">\n\t\t\t\t\t\t\t<div class=\"elementor-row\">\n\t\t\t\t\t<div class=\"elementor-column elementor-col-100 elementor-top-column elementor-element elementor-element-33cab78\" data-id=\"33cab78\" data-element_type=\"column\">\n\t\t\t<div class=\"elementor-column-wrap elementor-element-populated\">\n\t\t\t\t\t\t\t<div class=\"elementor-widget-wrap\">\n\t\t\t\t\t\t<div class=\"elementor-element elementor-element-e6e14d1 animated-slow elementor-invisible elementor-widget elementor-widget-heading\" data-id=\"e6e14d1\" data-element_type=\"widget\" data-settings=\"{&quot;_animation&quot;:&quot;fadeIn&quot;}\" data-widget_type=\"heading.default\">\n\t\t\t\t<div class=\"elementor-widget-container\">\n\t\t\t<h2 class=\"elementor-heading-title elementor-size-default\">Kahdeksan keilarataa ja automaattiset tuloslaskentalaitteet<\/h2>\t\t<\/div>\n\t\t\t\t<\/div>\n\t\t\t\t\t\t<\/div>\n\t\t\t\t\t<\/div>\n\t\t<\/div>\n\t\t\t\t\t\t\t\t<\/div>\n\t\t\t\t\t<\/div>\n\t\t<\/section>\n\t\t\t\t<section class=\"elementor-section elementor-top-section elementor-element elementor-element-11887c8 elementor-section-boxed elementor-section-height-default elementor-section-height-default\" data-id=\"11887c8\" data-element_type=\"section\">\n\t\t\t\t\t\t<div class=\"elementor-container elementor-column-gap-default\">\n\t\t\t\t\t\t\t<div class=\"elementor-row\">\n\t\t\t\t\t<div class=\"elementor-column elementor-col-100 elementor-top-column elementor-element elementor-element-b9b953b\" data-id=\"b9b953b\" data-element_type=\"column\">\n\t\t\t<div class=\"elementor-column-wrap elementor-element-populated\">\n\t\t\t\t\t\t\t<div class=\"elementor-widget-wrap\">\n\t\t\t\t\t\t<section class=\"elementor-section elementor-inner-section elementor-element elementor-element-a126541 elementor-section-boxed elementor-section-height-default elementor-section-height-default\" data-id=\"a126541\" data-element_type=\"section\">\n\t\t\t\t\t\t<div class=\"elementor-container elementor-column-gap-default\">\n\t\t\t\t\t\t\t<div class=\"elementor-row\">\n\t\t\t\t\t<div class=\"elementor-column elementor-col-50 elementor-inner-column elementor-element elementor-element-f3c11bd\" data-id=\"f3c11bd\" data-element_type=\"column\">\n\t\t\t<div class=\"elementor-column-wrap elementor-element-populated\">\n\t\t\t\t\t\t\t<div class=\"elementor-widget-wrap\">\n\t\t\t\t\t\t<div class=\"elementor-element elementor-element-fbaa5ab elementor-widget elementor-widget-text-editor\" data-id=\"fbaa5ab\" data-element_type=\"widget\" data-widget_type=\"text-editor.default\">\n\t\t\t\t<div class=\"elementor-widget-container\">\n\t\t\t\t\t<div class=\"elementor-text-editor elementor-clearfix\"><p>Forssan keilahalli tarjoaa erinomaiset puitteet niin ammattilaisille kuin aloitteleville keilaajille. Keilailu on koukuttava aktiviteetti kaikenik\u00e4isille, jota voi harrastaa yksin ja yhdess\u00e4. Forssan keilahallilta l\u00f6ytyv\u00e4t kaikki tarvittavat v\u00e4lineet, joten lajiin tutustuminen ja sen parissa puuhastelu on tehty todella helpoksi. Tasokas keilahalli ja nykyaikaiset laitteistot soveltuvat my\u00f6s hyvin liiga- ja kilpailutoimintaan.<\/p><\/div>\n\t\t\t\t<\/div>\n\t\t\t\t<\/div>\n\t\t\t\t<div class=\"elementor-element elementor-element-530120c elementor-widget elementor-widget-heading\" data-id=\"530120c\" data-element_type=\"widget\" data-widget_type=\"heading.default\">\n\t\t\t\t<div class=\"elementor-widget-container\">\n\t\t\t<h2 class=\"elementor-heading-title elementor-size-default\">HOHTOKEILAUS<\/h2>\t\t<\/div>\n\t\t\t\t<\/div>\n\t\t\t\t<div class=\"elementor-element elementor-element-17086ad elementor-widget elementor-widget-text-editor\" data-id=\"17086ad\" data-element_type=\"widget\" data-widget_type=\"text-editor.default\">\n\t\t\t\t<div class=\"elementor-widget-container\">\n\t\t\t\t\t<div class=\"elementor-text-editor elementor-clearfix\"><p>J\u00e4rjest\u00e4mme my\u00f6s hohtokeilausta, joka tuo t\u00e4h\u00e4n aktiviteettiin oman lis\u00e4ns\u00e4. Neon-valot ja menev\u00e4 musiikki luovat sellaisen fiiliksen, ett\u00e4 ilta nousee ihan uudelle levelille. <strong>Hohtokeilailuajat: pe &#8211; la klo 18.00 &#8211; 23.00<\/strong><\/p><\/div>\n\t\t\t\t<\/div>\n\t\t\t\t<\/div>\n\t\t\t\t<div class=\"elementor-element elementor-element-6ad42c2 elementor-widget elementor-widget-heading\" data-id=\"6ad42c2\" data-element_type=\"widget\" data-widget_type=\"heading.default\">\n\t\t\t\t<div class=\"elementor-widget-container\">\n\t\t\t<h2 class=\"elementor-heading-title elementor-size-default\">VIET\u00c4 KEILAILUILTA KAVEREITTEN KANSSA<\/h2>\t\t<\/div>\n\t\t\t\t<\/div>\n\t\t\t\t<div class=\"elementor-element elementor-element-f192dfa elementor-widget elementor-widget-text-editor\" data-id=\"f192dfa\" data-element_type=\"widget\" data-widget_type=\"text-editor.default\">\n\t\t\t\t<div class=\"elementor-widget-container\">\n\t\t\t\t\t<div class=\"elementor-text-editor elementor-clearfix\"><p>Meill\u00e4 on mainiot tilat erilaisille illanvietoille yst\u00e4v\u00e4piirin tai ty\u00f6porukan kanssa. Voit keilaillan p\u00e4\u00e4teeksi varata saunan ja saunakabinetin sek\u00e4 nauttia iltapalaa kavereitten kanssa. Illan p\u00e4\u00e4teeksi viel\u00e4 biljardi- ja darts-kisat. <strong>Kysy tarjousta r\u00e4\u00e4t\u00e4l\u00f6idyst\u00e4 illanviettopaketista!<\/strong><\/p><\/div>\n\t\t\t\t<\/div>\n\t\t\t\t<\/div>\n\t\t\t\t<div class=\"elementor-element elementor-element-c7f4070 elementor-widget elementor-widget-image\" data-id=\"c7f4070\" data-element_type=\"widget\" data-widget_type=\"image.default\">\n\t\t\t\t<div class=\"elementor-widget-container\">\n\t\t\t\t\t<div class=\"elementor-image\">\n\t\t\t\t\t\t\t<figure class=\"wp-caption\">\n\t\t\t\t\t\t\t\t\t\t<img loading=\"lazy\" decoding=\"async\" width=\"980\" height=\"980\" src=\"https:\/\/forssankeilahalli.fi\/Jape\/wp-content\/uploads\/2021\/01\/hohto.jpg\" class=\"attachment-large size-large\" alt=\"\" srcset=\"https:\/\/forssankeilahalli.fi\/Jape\/wp-content\/uploads\/2021\/01\/hohto.jpg 980w, https:\/\/forssankeilahalli.fi\/Jape\/wp-content\/uploads\/2021\/01\/hohto-300x300.jpg 300w, https:\/\/forssankeilahalli.fi\/Jape\/wp-content\/uploads\/2021\/01\/hohto-150x150.jpg 150w, https:\/\/forssankeilahalli.fi\/Jape\/wp-content\/uploads\/2021\/01\/hohto-768x768.jpg 768w\" sizes=\"auto, (max-width: 980px) 100vw, 980px\" \/>\t\t\t\t\t\t\t\t\t\t\t<figcaption class=\"widget-image-caption wp-caption-text\">Hohtokeilaus vie keilailuel\u00e4myksen aivan uudelle levelille. Hohtokeilausta perjantaisin ja lauantaisin.<\/figcaption>\n\t\t\t\t\t\t\t\t\t\t<\/figure>\n\t\t\t\t\t<\/div>\n\t\t\t\t<\/div>\n\t\t\t\t<\/div>\n\t\t\t\t\t\t<\/div>\n\t\t\t\t\t<\/div>\n\t\t<\/div>\n\t\t\t\t<div class=\"elementor-column elementor-col-50 elementor-inner-column elementor-element elementor-element-54e5980\" data-id=\"54e5980\" data-element_type=\"column\">\n\t\t\t<div class=\"elementor-column-wrap elementor-element-populated\">\n\t\t\t\t\t\t\t<div class=\"elementor-widget-wrap\">\n\t\t\t\t\t\t<div class=\"elementor-element elementor-element-f743372 elementor-widget elementor-widget-image\" data-id=\"f743372\" data-element_type=\"widget\" data-widget_type=\"image.default\">\n\t\t\t\t<div class=\"elementor-widget-container\">\n\t\t\t\t\t<div class=\"elementor-image\">\n\t\t\t\t\t\t\t\t\t\t<img loading=\"lazy\" decoding=\"async\" width=\"853\" height=\"1024\" src=\"https:\/\/forssankeilahalli.fi\/Jape\/wp-content\/uploads\/2021\/01\/kaverit-853x1024.jpg\" class=\"attachment-large size-large\" alt=\"\" srcset=\"https:\/\/forssankeilahalli.fi\/Jape\/wp-content\/uploads\/2021\/01\/kaverit-853x1024.jpg 853w, https:\/\/forssankeilahalli.fi\/Jape\/wp-content\/uploads\/2021\/01\/kaverit-250x300.jpg 250w, https:\/\/forssankeilahalli.fi\/Jape\/wp-content\/uploads\/2021\/01\/kaverit-768x922.jpg 768w, https:\/\/forssankeilahalli.fi\/Jape\/wp-content\/uploads\/2021\/01\/kaverit.jpg 1000w\" sizes=\"auto, (max-width: 853px) 100vw, 853px\" \/>\t\t\t\t\t\t\t\t\t\t\t<\/div>\n\t\t\t\t<\/div>\n\t\t\t\t<\/div>\n\t\t\t\t<div class=\"elementor-element elementor-element-3129608 elementor-widget elementor-widget-heading\" data-id=\"3129608\" data-element_type=\"widget\" data-widget_type=\"heading.default\">\n\t\t\t\t<div class=\"elementor-widget-container\">\n\t\t\t<h2 class=\"elementor-heading-title elementor-size-default\">HINNASTO<\/h2>\t\t<\/div>\n\t\t\t\t<\/div>\n\t\t\t\t<div class=\"elementor-element elementor-element-d25b88d elementor-widget elementor-widget-text-editor\" data-id=\"d25b88d\" data-element_type=\"widget\" data-widget_type=\"text-editor.default\">\n\t\t\t\t<div class=\"elementor-widget-container\">\n\t\t\t\t\t<div class=\"elementor-text-editor elementor-clearfix\"><p>Ratatunti arkisin 12 &#8211; 16: <strong>16.00 \u20ac<\/strong><br \/>Illat 16 &#8211; 21 ja viikonloppu: <strong>17.00 \u20ac<\/strong><\/p><p>Sarjaveloitus: <strong>3.00\u20ac<\/strong><\/p><p>Alennus ratatunti: <strong>15.00\u20ac<\/strong><br \/>Alennus sarjaveloitus: <strong>2.60\u20ac<\/strong><br \/>&#8211; veteraanit, el\u00e4kel\u00e4iset<br \/>&#8211; opiskelijat, koululaiset<br \/>&#8211; varusmiehet, ty\u00f6tt\u00f6m\u00e4t<\/p><p>Sarjakortti 25 sarjaa: <strong>55.00\u20ac<\/strong><\/p><p>Hohtokeilailu pe &#8211; la klo 18.00 &#8211; 23.00<br \/>Ratatunti: <strong>24.00\u20ac<\/strong><\/p><p>Kaappivuokra \/ kausi, iso: <strong>25.00\u20ac<\/strong><br \/>Kaappivuokra \/ kausi, pieni <strong>20.00\u20ac<\/strong><br \/>Kenk\u00e4vuokra: <strong>1.50\u20ac<\/strong><\/p><p>Suomen keilailuliiton j\u00e4senkortilla saat ratatunneista <strong>1\u20ac<\/strong> alennuksen ja sarjaveloituksesta <strong>0,20\u20ac<\/strong> alennuksen.<br \/>(Ei koske hohtokeilailua)<\/p><\/div>\n\t\t\t\t<\/div>\n\t\t\t\t<\/div>\n\t\t\t\t<div class=\"elementor-element elementor-element-e609336 elementor-align-center elementor-widget__width-inherit elementor-widget elementor-widget-button\" data-id=\"e609336\" data-element_type=\"widget\" data-widget_type=\"button.default\">\n\t\t\t\t<div class=\"elementor-widget-container\">\n\t\t\t\t\t<div class=\"elementor-button-wrapper\">\n\t\t\t<a href=\"http:\/\/forssankeilahalli.vkalenteri.net\/public.php\" target=\"_blank\" class=\"elementor-button-link elementor-button elementor-size-md\" role=\"button\">\n\t\t\t\t\t\t<span class=\"elementor-button-content-wrapper\">\n\t\t\t\t\t\t<span class=\"elementor-button-icon elementor-align-icon-left\">\n\t\t\t\t<i aria-hidden=\"true\" class=\"far fa-calendar-alt\"><\/i>\t\t\t<\/span>\n\t\t\t\t\t\t<span class=\"elementor-button-text\">VARAUSKALENTERIIN \u25b8<\/span>\n\t\t<\/span>\n\t\t\t\t\t<\/a>\n\t\t<\/div>\n\t\t\t\t<\/div>\n\t\t\t\t<\/div>\n\t\t\t\t\t\t<\/div>\n\t\t\t\t\t<\/div>\n\t\t<\/div>\n\t\t\t\t\t\t\t\t<\/div>\n\t\t\t\t\t<\/div>\n\t\t<\/section>\n\t\t\t\t\t\t<\/div>\n\t\t\t\t\t<\/div>\n\t\t<\/div>\n\t\t\t\t\t\t\t\t<\/div>\n\t\t\t\t\t<\/div>\n\t\t<\/section>\n\t\t\t\t\t\t<\/div>\n\t\t\t\t\t\t<\/div>\n\t\t\t\t\t<\/div>\n\t\t","protected":false},"excerpt":{"rendered":"<p>Kahdeksan keilarataa ja automaattiset tuloslaskentalaitteet Forssan keilahalli tarjoaa erinomaiset puitteet niin ammattilaisille kuin aloitteleville keilaajille. Keilailu on koukuttava aktiviteetti kaikenik\u00e4isille, jota voi harrastaa yksin ja yhdess\u00e4. Forssan keilahallilta l\u00f6ytyv\u00e4t kaikki tarvittavat v\u00e4lineet, joten lajiin tutustuminen ja sen parissa puuhastelu on tehty todella helpoksi. Tasokas keilahalli ja nykyaikaiset laitteistot soveltuvat my\u00f6s hyvin liiga- ja kilpailutoimintaan. HOHTOKEILAUS [&hellip;]<\/p>\n","protected":false},"author":1,"featured_media":0,"parent":0,"menu_order":0,"comment_status":"closed","ping_status":"closed","template":"elementor_header_footer","meta":{"footnotes":""},"class_list":["post-16","page","type-page","status-publish","hentry","entry"],"_links":{"self":[{"href":"https:\/\/forssankeilahalli.fi\/Jape\/wp-json\/wp\/v2\/pages\/16","targetHints":{"allow":["GET"]}}],"collection":[{"href":"https:\/\/forssankeilahalli.fi\/Jape\/wp-json\/wp\/v2\/pages"}],"about":[{"href":"https:\/\/forssankeilahalli.fi\/Jape\/wp-json\/wp\/v2\/types\/page"}],"author":[{"embeddable":true,"href":"https:\/\/forssankeilahalli.fi\/Jape\/wp-json\/wp\/v2\/users\/1"}],"replies":[{"embeddable":true,"href":"https:\/\/forssankeilahalli.fi\/Jape\/wp-json\/wp\/v2\/comments?post=16"}],"version-history":[{"count":71,"href":"https:\/\/forssankeilahalli.fi\/Jape\/wp-json\/wp\/v2\/pages\/16\/revisions"}],"predecessor-version":[{"id":530,"href":"https:\/\/forssankeilahalli.fi\/Jape\/wp-json\/wp\/v2\/pages\/16\/revisions\/530"}],"wp:attachment":[{"href":"https:\/\/forssankeilahalli.fi\/Jape\/wp-json\/wp\/v2\/media?parent=16"}],"curies":[{"name":"wp","href":"https:\/\/api.w.org\/{rel}","templated":true}]}}